{"id":1600,"date":"2023-11-14T10:15:46","date_gmt":"2023-11-14T09:15:46","guid":{"rendered":"https:\/\/www.asesoriacarcamo.com\/nosotros-copy\/"},"modified":"2023-11-21T18:38:09","modified_gmt":"2023-11-21T17:38:09","slug":"servicios","status":"publish","type":"page","link":"https:\/\/www.asesoriacarcamo.com\/en\/servicios\/","title":{"rendered":"Servicios"},"content":{"rendered":"<div data-elementor-type=\"wp-page\" data-elementor-id=\"1600\" class=\"elementor elementor-1600\" data-elementor-post-type=\"page\">\n\t\t\t\t<div class=\"elementor-element elementor-element-65760cd e-con-full e-flex e-con e-parent\" data-id=\"65760cd\" data-element_type=\"container\" data-settings=\"{&quot;background_background&quot;:&quot;classic&quot;}\">\n\t\t<div class=\"elementor-element elementor-element-19ee5d4 fc-container-padding e-flex e-con-boxed elementor-invisible e-con e-child\" data-id=\"19ee5d4\" data-element_type=\"container\" data-settings=\"{&quot;animation&quot;:&quot;fadeIn&quot;,&quot;animation_delay&quot;:800}\">\n\t\t\t\t\t<div class=\"e-con-inner\">\n\t\t\t\t<div class=\"elementor-element elementor-element-fe88430 elementor-widget elementor-widget-heading\" data-id=\"fe88430\" data-element_type=\"widget\" data-widget_type=\"heading.default\">\n\t\t\t\t<div class=\"elementor-widget-container\">\n\t\t\t\t\t<h1 class=\"elementor-heading-title elementor-size-default\">Servicios<\/h1>\t\t\t\t<\/div>\n\t\t\t\t<\/div>\n\t\t\t\t<div class=\"elementor-element elementor-element-8c99e2d elementor-widget elementor-widget-heading\" data-id=\"8c99e2d\" data-element_type=\"widget\" data-widget_type=\"heading.default\">\n\t\t\t\t<div class=\"elementor-widget-container\">\n\t\t\t\t\t<span class=\"elementor-heading-title elementor-size-default\">Nuestro compromiso se basa en la credibilidad y confianza, lo que garantiza una calidad constante sin imprevistos. Adem\u00e1s, ofrecemos una capacidad de respuesta alta y disponibilidad.<\/span>\t\t\t\t<\/div>\n\t\t\t\t<\/div>\n\t\t\t\t\t<\/div>\n\t\t\t\t<\/div>\n\t\t\t\t<\/div>\n\t\t<div class=\"elementor-element elementor-element-1399f43 e-con-full fc-container-padding e-flex e-con e-parent\" data-id=\"1399f43\" data-element_type=\"container\" data-settings=\"{&quot;background_background&quot;:&quot;classic&quot;}\">\n\t\t<div class=\"elementor-element elementor-element-8217671 e-flex e-con-boxed e-con e-child\" data-id=\"8217671\" data-element_type=\"container\">\n\t\t\t\t\t<div class=\"e-con-inner\">\n\t\t\t\t<div class=\"elementor-element elementor-element-83105ef elementor-widget elementor-widget-html\" data-id=\"83105ef\" data-element_type=\"widget\" data-widget_type=\"html.default\">\n\t\t\t\t<div class=\"elementor-widget-container\">\n\t\t\t\t\t<script> \r\njQuery(document).ready(function($) { \r\n    var delay = 10; \r\n    if($( window ).width() > 575) return;\r\n    setTimeout(function() { \r\n        $('.e-n-tab-title').removeClass('elementor-active').attr('aria-selected', 'false');\r\n        \r\n        $('.e-n-tabs-content > div').css('display', 'none'); }, \r\n    delay); \r\n}); \r\n<\/script>\t\t\t\t<\/div>\n\t\t\t\t<\/div>\n\t\t\t\t<div class=\"elementor-element elementor-element-4be929b e-n-tabs-tablet elementor-widget elementor-widget-n-tabs\" data-id=\"4be929b\" data-element_type=\"widget\" data-widget_type=\"nested-tabs.default\">\n\t\t\t\t<div class=\"elementor-widget-container\">\n\t\t\t\t\t\t\t<div class=\"e-n-tabs\" data-widget-number=\"79598235\" aria-label=\"Tabs. Open items with Enter or Space, close with Escape and navigate using the Arrow keys.\">\n\t\t\t<div class=\"e-n-tabs-heading\" role=\"tablist\">\n\t\t\t\t\t<button id=\"e-n-tab-title-795982351\" data-tab-title-id=\"e-n-tab-title-795982351\" class=\"e-n-tab-title\" aria-selected=\"true\" data-tab-index=\"1\" role=\"tab\" tabindex=\"0\" aria-controls=\"e-n-tab-content-795982351\" style=\"--n-tabs-title-order: 1;\">\n\t\t\t\t\t\t<span class=\"e-n-tab-title-text\">\n\t\t\t\tAsesor\u00eda Fiscal\t\t\t<\/span>\n\t\t<\/button>\n\t\t\t\t<button id=\"e-n-tab-title-795982352\" data-tab-title-id=\"e-n-tab-title-795982352\" class=\"e-n-tab-title\" aria-selected=\"false\" data-tab-index=\"2\" role=\"tab\" tabindex=\"-1\" aria-controls=\"e-n-tab-content-795982352\" style=\"--n-tabs-title-order: 2;\">\n\t\t\t\t\t\t<span class=\"e-n-tab-title-text\">\n\t\t\t\tAsesor\u00eda laboral\t\t\t<\/span>\n\t\t<\/button>\n\t\t\t\t<button id=\"e-n-tab-title-795982353\" data-tab-title-id=\"e-n-tab-title-795982353\" class=\"e-n-tab-title\" aria-selected=\"false\" data-tab-index=\"3\" role=\"tab\" tabindex=\"-1\" aria-controls=\"e-n-tab-content-795982353\" style=\"--n-tabs-title-order: 3;\">\n\t\t\t\t\t\t<span class=\"e-n-tab-title-text\">\n\t\t\t\tAbogado\t\t\t<\/span>\n\t\t<\/button>\n\t\t\t\t<button id=\"e-n-tab-title-795982354\" data-tab-title-id=\"e-n-tab-title-795982354\" class=\"e-n-tab-title\" aria-selected=\"false\" data-tab-index=\"4\" role=\"tab\" tabindex=\"-1\" aria-controls=\"e-n-tab-content-795982354\" style=\"--n-tabs-title-order: 4;\">\n\t\t\t\t\t\t<span class=\"e-n-tab-title-text\">\n\t\t\t\tAsesor\u00eda Integral de empresa\t\t\t<\/span>\n\t\t<\/button>\n\t\t\t\t<button id=\"e-n-tab-title-795982355\" data-tab-title-id=\"e-n-tab-title-795982355\" class=\"e-n-tab-title\" aria-selected=\"false\" data-tab-index=\"5\" role=\"tab\" tabindex=\"-1\" aria-controls=\"e-n-tab-content-795982355\" style=\"--n-tabs-title-order: 5;\">\n\t\t\t\t\t\t<span class=\"e-n-tab-title-text\">\n\t\t\t\tPunto de Atenci\u00f3n al emprendedor (PAE)\t\t\t<\/span>\n\t\t<\/button>\n\t\t\t\t<button id=\"e-n-tab-title-795982356\" data-tab-title-id=\"e-n-tab-title-795982356\" class=\"e-n-tab-title\" aria-selected=\"false\" data-tab-index=\"6\" role=\"tab\" tabindex=\"-1\" aria-controls=\"e-n-tab-content-795982356\" style=\"--n-tabs-title-order: 6;\">\n\t\t\t\t\t\t<span class=\"e-n-tab-title-text\">\n\t\t\t\tGesti\u00f3n integral de clubes deportivos\t\t\t<\/span>\n\t\t<\/button>\n\t\t\t\t\t<\/div>\n\t\t\t<div class=\"e-n-tabs-content\">\n\t\t\t\t<div id=\"e-n-tab-content-795982351\" role=\"tabpanel\" aria-labelledby=\"e-n-tab-title-795982351\" data-tab-index=\"1\" style=\"--n-tabs-title-order: 1;\" class=\"e-active elementor-element elementor-element-96450ab e-con-full e-flex e-con e-child\" data-id=\"96450ab\" data-element_type=\"container\">\n\t\t\t\t<div class=\"elementor-element elementor-element-fb8db14 elementor-hidden-tablet elementor-hidden-mobile elementor-widget elementor-widget-heading\" data-id=\"fb8db14\" data-element_type=\"widget\" data-widget_type=\"heading.default\">\n\t\t\t\t<div class=\"elementor-widget-container\">\n\t\t\t\t\t<h2 class=\"elementor-heading-title elementor-size-default\">Asesor\u00eda fiscal<\/h2>\t\t\t\t<\/div>\n\t\t\t\t<\/div>\n\t\t\t\t<div class=\"elementor-element elementor-element-be80f11 elementor-widget-divider--view-line elementor-widget elementor-widget-divider\" data-id=\"be80f11\" data-element_type=\"widget\" data-widget_type=\"divider.default\">\n\t\t\t\t<div class=\"elementor-widget-container\">\n\t\t\t\t\t\t\t<div class=\"elementor-divider\">\n\t\t\t<span class=\"elementor-divider-separator\">\n\t\t\t\t\t\t<\/span>\n\t\t<\/div>\n\t\t\t\t\t\t<\/div>\n\t\t\t\t<\/div>\n\t\t\t\t<div class=\"elementor-element elementor-element-70caa36 elementor-widget elementor-widget-text-editor\" data-id=\"70caa36\" data-element_type=\"widget\" data-widget_type=\"text-editor.default\">\n\t\t\t\t<div class=\"elementor-widget-container\">\n\t\t\t\t\t\t\t\t\t<p><strong>M\u00f3dulos<\/strong><\/p><p>Confecci\u00f3n y presentaci\u00f3n de los documentos necesarios para la correcta cumplimentaci\u00f3n de las obligaciones fiscales del r\u00e9gimen de estimaci\u00f3n objetiva y una atenci\u00f3n personalizada a la actividad fiscal de su negocio.<\/p><p><strong>Aut\u00f3nomos<\/strong><\/p><p>Realizaci\u00f3n de una contabilidad completa y presentaci\u00f3n de los modelos tributarios necesarios en el r\u00e9gimen de estimaci\u00f3n directa simplificada y una atenci\u00f3n personalizada a la actividad fiscal de su negocio.<\/p><p><strong>Sociedades<\/strong><\/p><p>Realizaci\u00f3n de una contabilidad seg\u00fan el criterio establecido para las PYMES as\u00ed como la presentaci\u00f3n de los modelos tributarios correspondientes adem\u00e1s de la gesti\u00f3n de la presentaci\u00f3n anual de libros y el dep\u00f3sito de cuentas ante el Registro Mercantil de su provincia.<\/p><p>Servicios incluidos:<\/p><ul><li>Planificaci\u00f3n financiera (Cash flow).<\/li><li>Soporte en la negociaci\u00f3n y obtenci\u00f3n de recursos financieros.<\/li><li>Alta, baja y variaci\u00f3n de IAE.<\/li><li>Presentaci\u00f3n de escritos y recursos ante los organismos oportunos.<\/li><li>Confecci\u00f3n de todos los impuestos mensuales, trimestrales y anuales:<ul><li>IVA: Liquidaciones y res\u00famenes anuales<\/li><li>IRPF: Liquidaciones y res\u00famenes anuales<\/li><li>INTRASTAT<\/li><li>Modelos informativos anuales (347)<\/li><li>Pagos a cuenta del Impuesto Sociedades<\/li><li>Elaboraci\u00f3n del Impuesto Sociedades<\/li><\/ul><\/li><\/ul>\t\t\t\t\t\t\t\t<\/div>\n\t\t\t\t<\/div>\n\t\t\t\t<\/div>\n\t\t<div id=\"e-n-tab-content-795982352\" role=\"tabpanel\" aria-labelledby=\"e-n-tab-title-795982352\" data-tab-index=\"2\" style=\"--n-tabs-title-order: 2;\" class=\"elementor-element elementor-element-6838826 e-con-full e-flex e-con e-child\" data-id=\"6838826\" data-element_type=\"container\">\n\t\t\t\t<div class=\"elementor-element elementor-element-cb36aa0 elementor-hidden-tablet elementor-hidden-mobile elementor-widget elementor-widget-heading\" data-id=\"cb36aa0\" data-element_type=\"widget\" data-widget_type=\"heading.default\">\n\t\t\t\t<div class=\"elementor-widget-container\">\n\t\t\t\t\t<h2 class=\"elementor-heading-title elementor-size-default\">Asesor\u00eda laboral<\/h2>\t\t\t\t<\/div>\n\t\t\t\t<\/div>\n\t\t\t\t<div class=\"elementor-element elementor-element-6b4ce99 elementor-widget-divider--view-line elementor-widget elementor-widget-divider\" data-id=\"6b4ce99\" data-element_type=\"widget\" data-widget_type=\"divider.default\">\n\t\t\t\t<div class=\"elementor-widget-container\">\n\t\t\t\t\t\t\t<div class=\"elementor-divider\">\n\t\t\t<span class=\"elementor-divider-separator\">\n\t\t\t\t\t\t<\/span>\n\t\t<\/div>\n\t\t\t\t\t\t<\/div>\n\t\t\t\t<\/div>\n\t\t\t\t<div class=\"elementor-element elementor-element-bc36e43 elementor-widget elementor-widget-text-editor\" data-id=\"bc36e43\" data-element_type=\"widget\" data-widget_type=\"text-editor.default\">\n\t\t\t\t<div class=\"elementor-widget-container\">\n\t\t\t\t\t\t\t\t\t<p>Te ofrecemos un asesoramiento integral en los aspectos laborales de tu empresa:<\/p><ul><li>Tramitaci\u00f3n de altas de centros de trabajo<\/li><li>Tramitaci\u00f3n de altas y bajas de trabajadores<\/li><li>An\u00e1lisis de costes laborales<\/li><li>Confecci\u00f3n de contratos de trabajo<\/li><li>Confecci\u00f3n de nominas<\/li><li>Confecci\u00f3n de finiquitos y liquidaciones<\/li><li>Tramitaci\u00f3n de cartas de pagos de los seguros sociales<\/li><li>Sistema RED<\/li><li>Asesoramiento en conciliaciones laborales<\/li><\/ul>\t\t\t\t\t\t\t\t<\/div>\n\t\t\t\t<\/div>\n\t\t\t\t<\/div>\n\t\t<div id=\"e-n-tab-content-795982353\" role=\"tabpanel\" aria-labelledby=\"e-n-tab-title-795982353\" data-tab-index=\"3\" style=\"--n-tabs-title-order: 3;\" class=\"elementor-element elementor-element-56ee1e4 e-con-full e-flex e-con e-child\" data-id=\"56ee1e4\" data-element_type=\"container\">\n\t\t\t\t<div class=\"elementor-element elementor-element-9a3faf1 elementor-hidden-tablet elementor-hidden-mobile elementor-widget elementor-widget-heading\" data-id=\"9a3faf1\" data-element_type=\"widget\" data-widget_type=\"heading.default\">\n\t\t\t\t<div class=\"elementor-widget-container\">\n\t\t\t\t\t<h2 class=\"elementor-heading-title elementor-size-default\">Abogado<\/h2>\t\t\t\t<\/div>\n\t\t\t\t<\/div>\n\t\t\t\t<div class=\"elementor-element elementor-element-22f79fd elementor-widget-divider--view-line elementor-widget elementor-widget-divider\" data-id=\"22f79fd\" data-element_type=\"widget\" data-widget_type=\"divider.default\">\n\t\t\t\t<div class=\"elementor-widget-container\">\n\t\t\t\t\t\t\t<div class=\"elementor-divider\">\n\t\t\t<span class=\"elementor-divider-separator\">\n\t\t\t\t\t\t<\/span>\n\t\t<\/div>\n\t\t\t\t\t\t<\/div>\n\t\t\t\t<\/div>\n\t\t\t\t<div class=\"elementor-element elementor-element-39f1890 elementor-widget elementor-widget-text-editor\" data-id=\"39f1890\" data-element_type=\"widget\" data-widget_type=\"text-editor.default\">\n\t\t\t\t<div class=\"elementor-widget-container\">\n\t\t\t\t\t\t\t\t\t<p>Podr\u00e1s disponer de un abogado de confianza para solventar cualquier eventualidad que te surja tanto en tu vida privada y familiar como en cualquier problema jur\u00eddico relacionado con tu negocio.<\/p><p>Manejaremos tu caso con integridad, discrecci\u00f3n y profesionalismo.<\/p>\t\t\t\t\t\t\t\t<\/div>\n\t\t\t\t<\/div>\n\t\t\t\t<\/div>\n\t\t<div id=\"e-n-tab-content-795982354\" role=\"tabpanel\" aria-labelledby=\"e-n-tab-title-795982354\" data-tab-index=\"4\" style=\"--n-tabs-title-order: 4;\" class=\"elementor-element elementor-element-2a3ec0f e-con-full e-flex e-con e-child\" data-id=\"2a3ec0f\" data-element_type=\"container\">\n\t\t\t\t<div class=\"elementor-element elementor-element-0a047ff elementor-hidden-tablet elementor-hidden-mobile elementor-widget elementor-widget-heading\" data-id=\"0a047ff\" data-element_type=\"widget\" data-widget_type=\"heading.default\">\n\t\t\t\t<div class=\"elementor-widget-container\">\n\t\t\t\t\t<h2 class=\"elementor-heading-title elementor-size-default\">Asesor\u00eda Integral de empresa<\/h2>\t\t\t\t<\/div>\n\t\t\t\t<\/div>\n\t\t\t\t<div class=\"elementor-element elementor-element-d8db85f elementor-widget-divider--view-line elementor-widget elementor-widget-divider\" data-id=\"d8db85f\" data-element_type=\"widget\" data-widget_type=\"divider.default\">\n\t\t\t\t<div class=\"elementor-widget-container\">\n\t\t\t\t\t\t\t<div class=\"elementor-divider\">\n\t\t\t<span class=\"elementor-divider-separator\">\n\t\t\t\t\t\t<\/span>\n\t\t<\/div>\n\t\t\t\t\t\t<\/div>\n\t\t\t\t<\/div>\n\t\t\t\t<div class=\"elementor-element elementor-element-086fa7b elementor-widget elementor-widget-text-editor\" data-id=\"086fa7b\" data-element_type=\"widget\" data-widget_type=\"text-editor.default\">\n\t\t\t\t<div class=\"elementor-widget-container\">\n\t\t\t\t\t\t\t\t\t<p>Benef\u00edciate de un precio especial en nuestros servicios contratando esta opci\u00f3n que incluye:<\/p><p>ASESOR\u00cdA CONTABLE<\/p><p>\u00a0ASESOR\u00cdA FISCAL<\/p><p>\u00a0ASESOR\u00cdA JUR\u00cdDICA<\/p><p>\u00a0ASESOR\u00cdA LABORAL<\/p>\t\t\t\t\t\t\t\t<\/div>\n\t\t\t\t<\/div>\n\t\t\t\t<\/div>\n\t\t<div id=\"e-n-tab-content-795982355\" role=\"tabpanel\" aria-labelledby=\"e-n-tab-title-795982355\" data-tab-index=\"5\" style=\"--n-tabs-title-order: 5;\" class=\"elementor-element elementor-element-b685f69 e-con-full e-flex e-con e-child\" data-id=\"b685f69\" data-element_type=\"container\">\n\t\t\t\t<div class=\"elementor-element elementor-element-fcc9430 elementor-hidden-tablet elementor-hidden-mobile elementor-widget elementor-widget-heading\" data-id=\"fcc9430\" data-element_type=\"widget\" data-widget_type=\"heading.default\">\n\t\t\t\t<div class=\"elementor-widget-container\">\n\t\t\t\t\t<h2 class=\"elementor-heading-title elementor-size-default\">Punto de Atenci\u00f3n al emprendedor (PAE)<\/h2>\t\t\t\t<\/div>\n\t\t\t\t<\/div>\n\t\t\t\t<div class=\"elementor-element elementor-element-1c3b86a elementor-widget-divider--view-line elementor-widget elementor-widget-divider\" data-id=\"1c3b86a\" data-element_type=\"widget\" data-widget_type=\"divider.default\">\n\t\t\t\t<div class=\"elementor-widget-container\">\n\t\t\t\t\t\t\t<div class=\"elementor-divider\">\n\t\t\t<span class=\"elementor-divider-separator\">\n\t\t\t\t\t\t<\/span>\n\t\t<\/div>\n\t\t\t\t\t\t<\/div>\n\t\t\t\t<\/div>\n\t\t\t\t<div class=\"elementor-element elementor-element-080ddbd elementor-widget elementor-widget-text-editor\" data-id=\"080ddbd\" data-element_type=\"widget\" data-widget_type=\"text-editor.default\">\n\t\t\t\t<div class=\"elementor-widget-container\">\n\t\t\t\t\t\t\t\t\t<p>\u00bfQuieres crear un negocio y no sabes por d\u00f3nde empezar? Vis\u00edtanos y te informaremos de todo lo que debes saber.<\/p><p>Asesor\u00eda C\u00e1rcamo est\u00e1 inscrita como Punto de Atenci\u00f3n al Emprendedor (PAE).<\/p>\t\t\t\t\t\t\t\t<\/div>\n\t\t\t\t<\/div>\n\t\t\t\t<\/div>\n\t\t<div id=\"e-n-tab-content-795982356\" role=\"tabpanel\" aria-labelledby=\"e-n-tab-title-795982356\" data-tab-index=\"6\" style=\"--n-tabs-title-order: 6;\" class=\"elementor-element elementor-element-188f51c e-con-full e-flex e-con e-child\" data-id=\"188f51c\" data-element_type=\"container\">\n\t\t\t\t<div class=\"elementor-element elementor-element-f1e2bc7 elementor-hidden-tablet elementor-hidden-mobile elementor-widget elementor-widget-heading\" data-id=\"f1e2bc7\" data-element_type=\"widget\" data-widget_type=\"heading.default\">\n\t\t\t\t<div class=\"elementor-widget-container\">\n\t\t\t\t\t<h2 class=\"elementor-heading-title elementor-size-default\">Gesti\u00f3n integral de clubes deportivos<\/h2>\t\t\t\t<\/div>\n\t\t\t\t<\/div>\n\t\t\t\t<div class=\"elementor-element elementor-element-6626f71 elementor-widget-divider--view-line elementor-widget elementor-widget-divider\" data-id=\"6626f71\" data-element_type=\"widget\" data-widget_type=\"divider.default\">\n\t\t\t\t<div class=\"elementor-widget-container\">\n\t\t\t\t\t\t\t<div class=\"elementor-divider\">\n\t\t\t<span class=\"elementor-divider-separator\">\n\t\t\t\t\t\t<\/span>\n\t\t<\/div>\n\t\t\t\t\t\t<\/div>\n\t\t\t\t<\/div>\n\t\t\t\t<div class=\"elementor-element elementor-element-fbc6fad elementor-widget elementor-widget-text-editor\" data-id=\"fbc6fad\" data-element_type=\"widget\" data-widget_type=\"text-editor.default\">\n\t\t\t\t<div class=\"elementor-widget-container\">\n\t\t\t\t\t\t\t\t\t<p>Aportamos nuestra dilatada experiencia de gesti\u00f3n de clubes deportivos y un conocimiento espec\u00edfico del Derecho deportivo.<\/p><p>Contamos con profesionales con m\u00e1ster espec\u00edfico de derecho del deporte y de las diferentes \u00e1reas que inciden sobre el mismo (tributaria, laboral, societaria y mercantil, etc.), para prestar un eficaz asesoramiento y defender los intereses de nuestros clientes ante organismos deportivos y administrativos.<\/p><p>Asesor\u00eda C\u00e1rcamo, les ofrece un servicio integral de asesoramiento en materias de \u00edndole jur\u00eddica, fiscal, econ\u00f3mica, financiera y contable, entre las cuales se incluyen:<\/p><ul><li>Asesoramiento a federaciones, clubs y entidades deportivas.<\/li><li>Procedimientos en materia de disciplina deportiva.<\/li><li>Asesoramiento en materia contractual, negociaci\u00f3n de contratos deportivos.<\/li><li>Asesoramiento en materia fiscal y tr\u00e1mites ante las diversas Haciendas estatales.<\/li><li>Asesoramiento en materia laboral, relaciones laborales especiales de artistas y deportistas.<\/li><li>Contratos de patrocinio.<\/li><li>Tramitaci\u00f3n de subvenciones p\u00fablicas.<\/li><\/ul>\t\t\t\t\t\t\t\t<\/div>\n\t\t\t\t<\/div>\n\t\t\t\t<\/div>\n\t\t\t\t\t<\/div>\n\t\t<\/div>\n\t\t\t\t\t\t<\/div>\n\t\t\t\t<\/div>\n\t\t\t\t<div class=\"elementor-element elementor-element-0368237 fc-boton-oscuro elementor-mobile-align-center elementor-widget elementor-widget-button\" data-id=\"0368237\" data-element_type=\"widget\" data-widget_type=\"button.default\">\n\t\t\t\t<div class=\"elementor-widget-container\">\n\t\t\t\t\t\t\t\t\t<div class=\"elementor-button-wrapper\">\n\t\t\t\t\t<a class=\"elementor-button elementor-button-link elementor-size-sm\" href=\"https:\/\/www.asesoriacarcamo.com\/en\/contacto\/\">\n\t\t\t\t\t\t<span class=\"elementor-button-content-wrapper\">\n\t\t\t\t\t\t\t\t\t<span class=\"elementor-button-text\">Quiero contactar<\/span>\n\t\t\t\t\t<\/span>\n\t\t\t\t\t<\/a>\n\t\t\t\t<\/div>\n\t\t\t\t\t\t\t\t<\/div>\n\t\t\t\t<\/div>\n\t\t\t\t\t<\/div>\n\t\t\t\t<\/div>\n\t\t\t\t<\/div>\n\t\t\t\t<\/div>","protected":false},"excerpt":{"rendered":"<p>Servicios Nuestro compromiso se basa en la credibilidad y confianza, lo que garantiza una calidad constante sin imprevistos. Adem\u00e1s, ofrecemos una capacidad de respuesta alta y disponibilidad. Asesor\u00eda Fiscal Asesor\u00eda laboral Abogado Asesor\u00eda Integral de empresa Punto de Atenci\u00f3n al emprendedor (PAE) Gesti\u00f3n integral de clubes deportivos Asesor\u00eda fiscal M\u00f3dulos Confecci\u00f3n y presentaci\u00f3n de los [&hellip;]<\/p>\n","protected":false},"author":1,"featured_media":0,"parent":0,"menu_order":3,"comment_status":"closed","ping_status":"closed","template":"","meta":{"footnotes":""},"class_list":["post-1600","page","type-page","status-publish","hentry"],"_links":{"self":[{"href":"https:\/\/www.asesoriacarcamo.com\/en\/wp-json\/wp\/v2\/pages\/1600","targetHints":{"allow":["GET"]}}],"collection":[{"href":"https:\/\/www.asesoriacarcamo.com\/en\/wp-json\/wp\/v2\/pages"}],"about":[{"href":"https:\/\/www.asesoriacarcamo.com\/en\/wp-json\/wp\/v2\/types\/page"}],"author":[{"embeddable":true,"href":"https:\/\/www.asesoriacarcamo.com\/en\/wp-json\/wp\/v2\/users\/1"}],"replies":[{"embeddable":true,"href":"https:\/\/www.asesoriacarcamo.com\/en\/wp-json\/wp\/v2\/comments?post=1600"}],"version-history":[{"count":61,"href":"https:\/\/www.asesoriacarcamo.com\/en\/wp-json\/wp\/v2\/pages\/1600\/revisions"}],"predecessor-version":[{"id":1816,"href":"https:\/\/www.asesoriacarcamo.com\/en\/wp-json\/wp\/v2\/pages\/1600\/revisions\/1816"}],"wp:attachment":[{"href":"https:\/\/www.asesoriacarcamo.com\/en\/wp-json\/wp\/v2\/media?parent=1600"}],"curies":[{"name":"wp","href":"https:\/\/api.w.org\/{rel}","templated":true}]}}