{"id":178,"date":"2022-10-14T09:48:31","date_gmt":"2022-10-14T07:48:31","guid":{"rendered":"https:\/\/www.asesoriacarcamo.com\/?page_id=178"},"modified":"2023-11-21T18:39:46","modified_gmt":"2023-11-21T17:39:46","slug":"nosotros","status":"publish","type":"page","link":"https:\/\/www.asesoriacarcamo.com\/en\/nosotros\/","title":{"rendered":"Nosotros"},"content":{"rendered":"\t\t<div data-elementor-type=\"wp-page\" data-elementor-id=\"178\" class=\"elementor elementor-178\" data-elementor-post-type=\"page\">\n\t\t\t\t<div class=\"elementor-element elementor-element-65760cd e-con-full e-flex e-con e-parent\" data-id=\"65760cd\" data-element_type=\"container\" data-settings=\"{&quot;background_background&quot;:&quot;classic&quot;}\">\n\t\t<div class=\"elementor-element elementor-element-19ee5d4 fc-container-padding e-flex e-con-boxed elementor-invisible e-con e-child\" data-id=\"19ee5d4\" data-element_type=\"container\" data-settings=\"{&quot;animation&quot;:&quot;fadeIn&quot;,&quot;animation_delay&quot;:800}\">\n\t\t\t\t\t<div class=\"e-con-inner\">\n\t\t\t\t<div class=\"elementor-element elementor-element-fe88430 elementor-widget elementor-widget-heading\" data-id=\"fe88430\" data-element_type=\"widget\" data-widget_type=\"heading.default\">\n\t\t\t\t<div class=\"elementor-widget-container\">\n\t\t\t\t\t<h1 class=\"elementor-heading-title elementor-size-default\">Nosotros<\/h1>\t\t\t\t<\/div>\n\t\t\t\t<\/div>\n\t\t\t\t<div class=\"elementor-element elementor-element-8c99e2d elementor-widget elementor-widget-heading\" data-id=\"8c99e2d\" data-element_type=\"widget\" data-widget_type=\"heading.default\">\n\t\t\t\t<div class=\"elementor-widget-container\">\n\t\t\t\t\t<span class=\"elementor-heading-title elementor-size-default\">Somos una asesor\u00eda integral de empresas y particulares ubicada en Haro (La Rioja)<\/span>\t\t\t\t<\/div>\n\t\t\t\t<\/div>\n\t\t\t\t\t<\/div>\n\t\t\t\t<\/div>\n\t\t\t\t<\/div>\n\t\t<div class=\"elementor-element elementor-element-5741ed9 e-con-full fc-container-padding-l e-flex e-con e-parent\" data-id=\"5741ed9\" data-element_type=\"container\" data-settings=\"{&quot;background_background&quot;:&quot;classic&quot;}\">\n\t\t<div class=\"elementor-element elementor-element-fc66297 e-flex e-con-boxed e-con e-child\" data-id=\"fc66297\" data-element_type=\"container\">\n\t\t\t\t\t<div class=\"e-con-inner\">\n\t\t<div class=\"elementor-element elementor-element-bb5b5b2 e-grid e-con-boxed e-con e-child\" data-id=\"bb5b5b2\" data-element_type=\"container\">\n\t\t\t\t\t<div class=\"e-con-inner\">\n\t\t<div class=\"elementor-element elementor-element-9c81b67 e-con-full e-flex e-con e-child\" data-id=\"9c81b67\" data-element_type=\"container\">\n\t\t\t\t<div class=\"elementor-element elementor-element-ec79093 elementor-absolute e-transform elementor-invisible elementor-widget elementor-widget-image\" data-id=\"ec79093\" data-element_type=\"widget\" data-settings=\"{&quot;_position&quot;:&quot;absolute&quot;,&quot;_transform_rotateZ_effect&quot;:{&quot;unit&quot;:&quot;px&quot;,&quot;size&quot;:180,&quot;sizes&quot;:[]},&quot;_animation&quot;:&quot;fadeIn&quot;,&quot;_transform_rotateZ_effect_widescreen&quot;:{&quot;unit&quot;:&quot;deg&quot;,&quot;size&quot;:&quot;&quot;,&quot;sizes&quot;:[]},&quot;_transform_rotateZ_effect_laptop&quot;:{&quot;unit&quot;:&quot;deg&quot;,&quot;size&quot;:&quot;&quot;,&quot;sizes&quot;:[]},&quot;_transform_rotateZ_effect_tablet&quot;:{&quot;unit&quot;:&quot;deg&quot;,&quot;size&quot;:&quot;&quot;,&quot;sizes&quot;:[]},&quot;_transform_rotateZ_effect_mobile&quot;:{&quot;unit&quot;:&quot;deg&quot;,&quot;size&quot;:&quot;&quot;,&quot;sizes&quot;:[]}}\" data-widget_type=\"image.default\">\n\t\t\t\t<div class=\"elementor-widget-container\">\n\t\t\t\t\t\t\t\t\t\t\t\t\t\t\t<img decoding=\"async\" width=\"144\" height=\"286\" src=\"https:\/\/www.asesoriacarcamo.com\/wp-content\/uploads\/2023\/11\/carcamo-media-luna-beige.png\" class=\"attachment-full size-full wp-image-1541\" alt=\"Elemento de media luna decorativo\" srcset=\"https:\/\/www.asesoriacarcamo.com\/wp-content\/uploads\/2023\/11\/carcamo-media-luna-beige.png 144w, https:\/\/www.asesoriacarcamo.com\/wp-content\/uploads\/2023\/11\/carcamo-media-luna-beige-6x12.png 6w\" sizes=\"(max-width: 144px) 100vw, 144px\" \/>\t\t\t\t\t\t\t\t\t\t\t\t\t\t\t<\/div>\n\t\t\t\t<\/div>\n\t\t\t\t<div class=\"elementor-element elementor-element-b6e1bc3 elementor-widget elementor-widget-heading\" data-id=\"b6e1bc3\" data-element_type=\"widget\" data-widget_type=\"heading.default\">\n\t\t\t\t<div class=\"elementor-widget-container\">\n\t\t\t\t\t<h2 class=\"elementor-heading-title elementor-size-default\">En constante<br \/> formaci\u00f3n<\/h2>\t\t\t\t<\/div>\n\t\t\t\t<\/div>\n\t\t\t\t<div class=\"elementor-element elementor-element-c91faa3 elementor-widget elementor-widget-text-editor\" data-id=\"c91faa3\" data-element_type=\"widget\" data-widget_type=\"text-editor.default\">\n\t\t\t\t<div class=\"elementor-widget-container\">\n\t\t\t\t\t\t\t\t\t<p>En nosotros encontrar\u00e1s informaci\u00f3n \u00fatil y actualizada sobre temas fiscales, laborales, contables y jur\u00eddicos que te ayudar\u00e1n a gestionar mejor tu negocio o tus finanzas personales. Por ejemplo, te explicaremos c\u00f3mo optimizar tu declaraci\u00f3n de la renta, c\u00f3mo cumplir con tus obligaciones tributarias, c\u00f3mo llevar una contabilidad eficiente, c\u00f3mo contratar a tus empleados o c\u00f3mo proteger tus derechos legales.<\/p>\t\t\t\t\t\t\t\t<\/div>\n\t\t\t\t<\/div>\n\t\t\t\t<\/div>\n\t\t<div class=\"elementor-element elementor-element-ba548d2 e-con-full elementor-hidden-tablet elementor-hidden-mobile e-flex e-con e-child\" data-id=\"ba548d2\" data-element_type=\"container\">\n\t\t\t\t<\/div>\n\t\t<div class=\"elementor-element elementor-element-e882033 e-con-full e-flex e-con e-child\" data-id=\"e882033\" data-element_type=\"container\">\n\t\t\t\t<div class=\"elementor-element elementor-element-3e86b4d elementor-absolute e-transform elementor-invisible elementor-widget elementor-widget-image\" data-id=\"3e86b4d\" data-element_type=\"widget\" data-settings=\"{&quot;_position&quot;:&quot;absolute&quot;,&quot;_transform_rotateZ_effect&quot;:{&quot;unit&quot;:&quot;px&quot;,&quot;size&quot;:180,&quot;sizes&quot;:[]},&quot;_animation&quot;:&quot;fadeIn&quot;,&quot;_transform_rotateZ_effect_widescreen&quot;:{&quot;unit&quot;:&quot;deg&quot;,&quot;size&quot;:&quot;&quot;,&quot;sizes&quot;:[]},&quot;_transform_rotateZ_effect_laptop&quot;:{&quot;unit&quot;:&quot;deg&quot;,&quot;size&quot;:&quot;&quot;,&quot;sizes&quot;:[]},&quot;_transform_rotateZ_effect_tablet&quot;:{&quot;unit&quot;:&quot;deg&quot;,&quot;size&quot;:&quot;&quot;,&quot;sizes&quot;:[]},&quot;_transform_rotateZ_effect_mobile&quot;:{&quot;unit&quot;:&quot;deg&quot;,&quot;size&quot;:&quot;&quot;,&quot;sizes&quot;:[]}}\" data-widget_type=\"image.default\">\n\t\t\t\t<div class=\"elementor-widget-container\">\n\t\t\t\t\t\t\t\t\t\t\t\t\t\t\t<img decoding=\"async\" width=\"144\" height=\"286\" src=\"https:\/\/www.asesoriacarcamo.com\/wp-content\/uploads\/2023\/11\/carcamo-media-luna-beige.png\" class=\"attachment-full size-full wp-image-1541\" alt=\"Elemento de media luna decorativo\" srcset=\"https:\/\/www.asesoriacarcamo.com\/wp-content\/uploads\/2023\/11\/carcamo-media-luna-beige.png 144w, https:\/\/www.asesoriacarcamo.com\/wp-content\/uploads\/2023\/11\/carcamo-media-luna-beige-6x12.png 6w\" sizes=\"(max-width: 144px) 100vw, 144px\" \/>\t\t\t\t\t\t\t\t\t\t\t\t\t\t\t<\/div>\n\t\t\t\t<\/div>\n\t\t\t\t<div class=\"elementor-element elementor-element-69f5197 elementor-widget elementor-widget-heading\" data-id=\"69f5197\" data-element_type=\"widget\" data-widget_type=\"heading.default\">\n\t\t\t\t<div class=\"elementor-widget-container\">\n\t\t\t\t\t<h2 class=\"elementor-heading-title elementor-size-default\">Informaci\u00f3n<br \/> actualizada<\/h2>\t\t\t\t<\/div>\n\t\t\t\t<\/div>\n\t\t\t\t<div class=\"elementor-element elementor-element-30ef52c elementor-widget elementor-widget-text-editor\" data-id=\"30ef52c\" data-element_type=\"widget\" data-widget_type=\"text-editor.default\">\n\t\t\t\t<div class=\"elementor-widget-container\">\n\t\t\t\t\t\t\t\t\t<p>Tambi\u00e9n compartiremos contigo noticias, consejos y novedades relacionadas con nuestra actividad y con el entorno econ\u00f3mico y social. As\u00ed, estar\u00e1s al d\u00eda de las \u00faltimas reformas legislativas, de las oportunidades de financiaci\u00f3n, de las tendencias del mercado o de las mejores pr\u00e1cticas empresariales.<\/p>\t\t\t\t\t\t\t\t<\/div>\n\t\t\t\t<\/div>\n\t\t\t\t<\/div>\n\t\t<div class=\"elementor-element elementor-element-7ccec26 e-con-full e-flex e-con e-child\" data-id=\"7ccec26\" data-element_type=\"container\">\n\t\t\t\t<div class=\"elementor-element elementor-element-b55bfb6 elementor-absolute e-transform elementor-invisible elementor-widget elementor-widget-image\" data-id=\"b55bfb6\" data-element_type=\"widget\" data-settings=\"{&quot;_position&quot;:&quot;absolute&quot;,&quot;_transform_rotateZ_effect&quot;:{&quot;unit&quot;:&quot;px&quot;,&quot;size&quot;:180,&quot;sizes&quot;:[]},&quot;_animation&quot;:&quot;fadeIn&quot;,&quot;_transform_rotateZ_effect_widescreen&quot;:{&quot;unit&quot;:&quot;deg&quot;,&quot;size&quot;:&quot;&quot;,&quot;sizes&quot;:[]},&quot;_transform_rotateZ_effect_laptop&quot;:{&quot;unit&quot;:&quot;deg&quot;,&quot;size&quot;:&quot;&quot;,&quot;sizes&quot;:[]},&quot;_transform_rotateZ_effect_tablet&quot;:{&quot;unit&quot;:&quot;deg&quot;,&quot;size&quot;:&quot;&quot;,&quot;sizes&quot;:[]},&quot;_transform_rotateZ_effect_mobile&quot;:{&quot;unit&quot;:&quot;deg&quot;,&quot;size&quot;:&quot;&quot;,&quot;sizes&quot;:[]}}\" data-widget_type=\"image.default\">\n\t\t\t\t<div class=\"elementor-widget-container\">\n\t\t\t\t\t\t\t\t\t\t\t\t\t\t\t<img decoding=\"async\" width=\"144\" height=\"286\" src=\"https:\/\/www.asesoriacarcamo.com\/wp-content\/uploads\/2023\/11\/carcamo-media-luna-beige.png\" class=\"attachment-full size-full wp-image-1541\" alt=\"Elemento de media luna decorativo\" srcset=\"https:\/\/www.asesoriacarcamo.com\/wp-content\/uploads\/2023\/11\/carcamo-media-luna-beige.png 144w, https:\/\/www.asesoriacarcamo.com\/wp-content\/uploads\/2023\/11\/carcamo-media-luna-beige-6x12.png 6w\" sizes=\"(max-width: 144px) 100vw, 144px\" \/>\t\t\t\t\t\t\t\t\t\t\t\t\t\t\t<\/div>\n\t\t\t\t<\/div>\n\t\t\t\t<div class=\"elementor-element elementor-element-c490561 elementor-widget elementor-widget-heading\" data-id=\"c490561\" data-element_type=\"widget\" data-widget_type=\"heading.default\">\n\t\t\t\t<div class=\"elementor-widget-container\">\n\t\t\t\t\t<h2 class=\"elementor-heading-title elementor-size-default\">Empresas y<br \/> particulares<\/h2>\t\t\t\t<\/div>\n\t\t\t\t<\/div>\n\t\t\t\t<div class=\"elementor-element elementor-element-1c9294d elementor-widget elementor-widget-text-editor\" data-id=\"1c9294d\" data-element_type=\"widget\" data-widget_type=\"text-editor.default\">\n\t\t\t\t<div class=\"elementor-widget-container\">\n\t\t\t\t\t\t\t\t\t<p>Somos una asesor\u00eda integral de empresas y particulares ubicada en Haro (La Rioja), con una larga trayectoria de m\u00e1s de 40 a\u00f1os en el sector. Ofrecemos un servicio profesional, personalizado y cercano a nuestros clientes, adapt\u00e1ndonos a sus necesidades y objetivos.<\/p>\t\t\t\t\t\t\t\t<\/div>\n\t\t\t\t<\/div>\n\t\t\t\t<\/div>\n\t\t\t\t\t<\/div>\n\t\t\t\t<\/div>\n\t\t\t\t\t<\/div>\n\t\t\t\t<\/div>\n\t\t\t\t<\/div>\n\t\t<div class=\"elementor-element elementor-element-4194fbb e-con-full fc-container-padding e-flex e-con e-parent\" data-id=\"4194fbb\" data-element_type=\"container\" data-settings=\"{&quot;background_background&quot;:&quot;classic&quot;}\">\n\t\t<div class=\"elementor-element elementor-element-b0dfe86 e-flex e-con-boxed e-con e-child\" data-id=\"b0dfe86\" data-element_type=\"container\">\n\t\t\t\t\t<div class=\"e-con-inner\">\n\t\t<div class=\"elementor-element elementor-element-c6c0546 fc-container-col e-con-full e-flex e-con e-child\" data-id=\"c6c0546\" data-element_type=\"container\">\n\t\t\t\t<div class=\"elementor-element elementor-element-34e3c48 elementor-widget elementor-widget-heading\" data-id=\"34e3c48\" data-element_type=\"widget\" data-widget_type=\"heading.default\">\n\t\t\t\t<div class=\"elementor-widget-container\">\n\t\t\t\t\t<div class=\"elementor-heading-title elementor-size-default\">Nuestros servicios<\/div>\t\t\t\t<\/div>\n\t\t\t\t<\/div>\n\t\t\t\t<div class=\"elementor-element elementor-element-c33f106 elementor-widget elementor-widget-heading\" data-id=\"c33f106\" data-element_type=\"widget\" data-widget_type=\"heading.default\">\n\t\t\t\t<div class=\"elementor-widget-container\">\n\t\t\t\t\t<h2 class=\"elementor-heading-title elementor-size-default\">Asesoramiento, abogac\u00eda y gesti\u00f3n de clubes<\/h2>\t\t\t\t<\/div>\n\t\t\t\t<\/div>\n\t\t<div class=\"elementor-element elementor-element-93a6460 e-flex e-con-boxed e-con e-child\" data-id=\"93a6460\" data-element_type=\"container\">\n\t\t\t\t\t<div class=\"e-con-inner\">\n\t\t\t\t<div class=\"elementor-element elementor-element-5658b72 elementor-widget__width-auto fc-boton-filled elementor-widget elementor-widget-button\" data-id=\"5658b72\" data-element_type=\"widget\" data-widget_type=\"button.default\">\n\t\t\t\t<div class=\"elementor-widget-container\">\n\t\t\t\t\t\t\t\t\t<div class=\"elementor-button-wrapper\">\n\t\t\t\t\t<a class=\"elementor-button elementor-button-link elementor-size-sm\" href=\"https:\/\/www.asesoriacarcamo.com\/servicios\/\" target=\"_blank\">\n\t\t\t\t\t\t<span class=\"elementor-button-content-wrapper\">\n\t\t\t\t\t\t\t\t\t<span class=\"elementor-button-text\">Ver servicios<\/span>\n\t\t\t\t\t<\/span>\n\t\t\t\t\t<\/a>\n\t\t\t\t<\/div>\n\t\t\t\t\t\t\t\t<\/div>\n\t\t\t\t<\/div>\n\t\t\t\t\t<\/div>\n\t\t\t\t<\/div>\n\t\t\t\t<\/div>\n\t\t<div class=\"elementor-element elementor-element-cf16870 fc-container-col e-con-full e-flex e-con e-child\" data-id=\"cf16870\" data-element_type=\"container\">\n\t\t\t\t<div class=\"elementor-element elementor-element-5adfe98 elementor-widget__width-auto elementor-absolute elementor-hidden-tablet elementor-hidden-mobile elementor-widget elementor-widget-image\" data-id=\"5adfe98\" data-element_type=\"widget\" data-settings=\"{&quot;_position&quot;:&quot;absolute&quot;,&quot;motion_fx_motion_fx_scrolling&quot;:&quot;yes&quot;,&quot;motion_fx_translateY_effect&quot;:&quot;yes&quot;,&quot;motion_fx_translateY_speed&quot;:{&quot;unit&quot;:&quot;px&quot;,&quot;size&quot;:4,&quot;sizes&quot;:[]},&quot;motion_fx_translateY_affectedRange&quot;:{&quot;unit&quot;:&quot;%&quot;,&quot;size&quot;:&quot;&quot;,&quot;sizes&quot;:{&quot;start&quot;:0,&quot;end&quot;:100}},&quot;motion_fx_devices&quot;:[&quot;widescreen&quot;,&quot;desktop&quot;,&quot;laptop&quot;,&quot;tablet&quot;,&quot;mobile&quot;]}\" data-widget_type=\"image.default\">\n\t\t\t\t<div class=\"elementor-widget-container\">\n\t\t\t\t\t\t\t\t\t\t\t\t\t\t\t<img fetchpriority=\"high\" decoding=\"async\" width=\"445\" height=\"904\" src=\"https:\/\/www.asesoriacarcamo.com\/wp-content\/uploads\/2023\/11\/carcamo-nosotros-carmelo-carpeta.png\" class=\"attachment-full size-full wp-image-1665\" alt=\"\" srcset=\"https:\/\/www.asesoriacarcamo.com\/wp-content\/uploads\/2023\/11\/carcamo-nosotros-carmelo-carpeta.png 445w, https:\/\/www.asesoriacarcamo.com\/wp-content\/uploads\/2023\/11\/carcamo-nosotros-carmelo-carpeta-148x300.png 148w, https:\/\/www.asesoriacarcamo.com\/wp-content\/uploads\/2023\/11\/carcamo-nosotros-carmelo-carpeta-6x12.png 6w\" sizes=\"(max-width: 445px) 100vw, 445px\">\t\t\t\t\t\t\t\t\t\t\t\t\t\t\t<\/div>\n\t\t\t\t<\/div>\n\t\t\t\t<div class=\"elementor-element elementor-element-06000c5 elementor-widget__width-auto elementor-hidden-widescreen elementor-hidden-desktop elementor-hidden-laptop elementor-widget elementor-widget-image\" data-id=\"06000c5\" data-element_type=\"widget\" data-widget_type=\"image.default\">\n\t\t\t\t<div class=\"elementor-widget-container\">\n\t\t\t\t\t\t\t\t\t\t\t\t\t\t\t<img fetchpriority=\"high\" decoding=\"async\" width=\"445\" height=\"904\" src=\"https:\/\/www.asesoriacarcamo.com\/wp-content\/uploads\/2023\/11\/carcamo-nosotros-carmelo-carpeta.png\" class=\"attachment-full size-full wp-image-1665\" alt=\"\" srcset=\"https:\/\/www.asesoriacarcamo.com\/wp-content\/uploads\/2023\/11\/carcamo-nosotros-carmelo-carpeta.png 445w, https:\/\/www.asesoriacarcamo.com\/wp-content\/uploads\/2023\/11\/carcamo-nosotros-carmelo-carpeta-148x300.png 148w, https:\/\/www.asesoriacarcamo.com\/wp-content\/uploads\/2023\/11\/carcamo-nosotros-carmelo-carpeta-6x12.png 6w\" sizes=\"(max-width: 445px) 100vw, 445px\">\t\t\t\t\t\t\t\t\t\t\t\t\t\t\t<\/div>\n\t\t\t\t<\/div>\n\t\t\t\t<\/div>\n\t\t\t\t\t<\/div>\n\t\t\t\t<\/div>\n\t\t\t\t<\/div>\n\t\t\t\t<\/div>\n\t\t","protected":false},"excerpt":{"rendered":"<p>Nosotros Somos una asesor\u00eda integral de empresas y particulares ubicada en Haro (La Rioja) En constante formaci\u00f3n En nosotros encontrar\u00e1s informaci\u00f3n \u00fatil y actualizada sobre temas fiscales, laborales, contables y jur\u00eddicos que te ayudar\u00e1n a gestionar mejor tu negocio o tus finanzas personales. Por ejemplo, te explicaremos c\u00f3mo optimizar tu declaraci\u00f3n de la renta, c\u00f3mo [&hellip;]<\/p>\n","protected":false},"author":1,"featured_media":0,"parent":0,"menu_order":4,"comment_status":"closed","ping_status":"closed","template":"","meta":{"footnotes":""},"class_list":["post-178","page","type-page","status-publish","hentry"],"_links":{"self":[{"href":"https:\/\/www.asesoriacarcamo.com\/en\/wp-json\/wp\/v2\/pages\/178","targetHints":{"allow":["GET"]}}],"collection":[{"href":"https:\/\/www.asesoriacarcamo.com\/en\/wp-json\/wp\/v2\/pages"}],"about":[{"href":"https:\/\/www.asesoriacarcamo.com\/en\/wp-json\/wp\/v2\/types\/page"}],"author":[{"embeddable":true,"href":"https:\/\/www.asesoriacarcamo.com\/en\/wp-json\/wp\/v2\/users\/1"}],"replies":[{"embeddable":true,"href":"https:\/\/www.asesoriacarcamo.com\/en\/wp-json\/wp\/v2\/comments?post=178"}],"version-history":[{"count":184,"href":"https:\/\/www.asesoriacarcamo.com\/en\/wp-json\/wp\/v2\/pages\/178\/revisions"}],"predecessor-version":[{"id":1819,"href":"https:\/\/www.asesoriacarcamo.com\/en\/wp-json\/wp\/v2\/pages\/178\/revisions\/1819"}],"wp:attachment":[{"href":"https:\/\/www.asesoriacarcamo.com\/en\/wp-json\/wp\/v2\/media?parent=178"}],"curies":[{"name":"wp","href":"https:\/\/api.w.org\/{rel}","templated":true}]}}